{"id":1132,"date":"2018-11-06T10:35:36","date_gmt":"2018-11-06T10:35:36","guid":{"rendered":"https:\/\/the7.io\/church\/?page_id=11"},"modified":"2020-08-18T15:47:43","modified_gmt":"2020-08-18T18:47:43","slug":"contact","status":"publish","type":"page","link":"https:\/\/comunidadefidelidade.com\/site\/contact\/","title":{"rendered":"Contato"},"content":{"rendered":"<div class=\"wpb-content-wrapper\"><p>[vc_row bg_type=&#8221;bg_color&#8221; bg_override=&#8221;full&#8221; css=&#8221;.vc_custom_1561965266036{padding-top: 70px !important;padding-bottom: 80px !important;}&#8221; bg_color_value=&#8221;#f7f7f7&#8243;][vc_column]<div id=\"ultimate-heading-85769f0ac2a296a4\" class=\"uvc-heading ult-adjust-bottom-margin ultimate-heading-85769f0ac2a296a4 uvc-1339  uvc-heading-default-font-sizes\" data-hspacer=\"no_spacer\"  data-halign=\"center\" style=\"text-align:center\"><div class=\"uvc-heading-spacer no_spacer\" style=\"top\"><\/div><div class=\"uvc-main-heading ult-responsive\"  data-ultimate-target='.uvc-heading.ultimate-heading-85769f0ac2a296a4 h2'  data-responsive-json-new='{\"font-size\":\"\",\"line-height\":\"\"}' ><h2 style=\"--font-weight:theme;margin-bottom:20px;\">Contatos da Fidelidade<\/h2><\/div><div class=\"uvc-sub-heading ult-responsive\"  data-ultimate-target='.uvc-heading.ultimate-heading-85769f0ac2a296a4 .uvc-sub-heading '  data-responsive-json-new='{\"font-size\":\"desktop:20px;\",\"line-height\":\"desktop:30px;\"}'  style=\"font-weight:normal;margin-bottom:35px;\">Aguardamos o seu contato ou pedido de ora\u00e7\u00e3o! Deus te aben\u00e7oe!<\/div><\/div><style type=\"text\/css\" data-type=\"the7_shortcodes-inline-css\">.dt-shortcode-soc-icons.soc-icons-74c410b06c4f55dbdf014c8618579962 a {\n  margin-right: 10px;\n}\n.dt-shortcode-soc-icons a.soc-icons-74c410b06c4f55dbdf014c8618579962 {\n  margin-right: 10px;\n}\n.dt-shortcode-soc-icons a.soc-icons-74c410b06c4f55dbdf014c8618579962:last-child {\n  margin-right: 0;\n}\n.dt-shortcode-soc-icons a.soc-icons-74c410b06c4f55dbdf014c8618579962:before,\n.dt-shortcode-soc-icons a.soc-icons-74c410b06c4f55dbdf014c8618579962:after {\n  padding: inherit;\n}\n.dt-shortcode-soc-icons a.soc-icons-74c410b06c4f55dbdf014c8618579962.dt-icon-border-on:before {\n  border:  solid ;\n}\n.dt-shortcode-soc-icons a.soc-icons-74c410b06c4f55dbdf014c8618579962.dt-icon-hover-border-on:after {\n  border:  solid ;\n}<\/style><div class=\"dt-shortcode-soc-icons  soc-icons-74c410b06c4f55dbdf014c8618579962 soc-icons-center \" ><style type=\"text\/css\" data-type=\"the7_shortcodes-inline-css\">.dt-shortcode-soc-icons a.single-soc-icon-537fa9a36aa55eae6821327c103cde91 {\n  min-width: 46px;\n  min-height: 46px;\n  font-size: 25px;\n  border-radius: 100px;\n}\n.dt-shortcode-soc-icons a.single-soc-icon-537fa9a36aa55eae6821327c103cde91:last-child {\n  margin-right: 0;\n}\n.dt-shortcode-soc-icons a.single-soc-icon-537fa9a36aa55eae6821327c103cde91:before,\n.dt-shortcode-soc-icons a.single-soc-icon-537fa9a36aa55eae6821327c103cde91:after {\n  min-width: 46px;\n  min-height: 46px;\n  padding: inherit;\n}\n#page .dt-shortcode-soc-icons a.single-soc-icon-537fa9a36aa55eae6821327c103cde91.dt-icon-bg-on:before,\n#phantom .dt-shortcode-soc-icons a.single-soc-icon-537fa9a36aa55eae6821327c103cde91.dt-icon-bg-on:before {\n  background: #34421e;\n}\n.dt-shortcode-soc-icons a.single-soc-icon-537fa9a36aa55eae6821327c103cde91.dt-icon-border-on:before {\n  border: 0px solid ;\n}\n.dt-shortcode-soc-icons a.single-soc-icon-537fa9a36aa55eae6821327c103cde91.dt-icon-hover-border-on:after {\n  border: 0px solid ;\n}\n.dt-shortcode-soc-icons a.single-soc-icon-537fa9a36aa55eae6821327c103cde91:hover {\n  font-size: 25px;\n}\n#page .dt-shortcode-soc-icons a.single-soc-icon-537fa9a36aa55eae6821327c103cde91:hover .soc-font-icon,\n#phantom .dt-shortcode-soc-icons a.single-soc-icon-537fa9a36aa55eae6821327c103cde91:hover .soc-font-icon,\n#page .dt-shortcode-soc-icons a.single-soc-icon-537fa9a36aa55eae6821327c103cde91:hover .soc-icon,\n#phantom .dt-shortcode-soc-icons a.single-soc-icon-537fa9a36aa55eae6821327c103cde91:hover .soc-icon {\n  color: #ffffff;\n  background: none;\n}\n#page .dt-shortcode-soc-icons a.single-soc-icon-537fa9a36aa55eae6821327c103cde91.dt-icon-hover-bg-on:after,\n#phantom .dt-shortcode-soc-icons a.single-soc-icon-537fa9a36aa55eae6821327c103cde91.dt-icon-hover-bg-on:after {\n  background: #c19434;\n}\n#page .dt-shortcode-soc-icons a.single-soc-icon-537fa9a36aa55eae6821327c103cde91:not(:hover) .soc-font-icon,\n#phantom .dt-shortcode-soc-icons a.single-soc-icon-537fa9a36aa55eae6821327c103cde91:not(:hover) .soc-font-icon,\n#page .dt-shortcode-soc-icons a.single-soc-icon-537fa9a36aa55eae6821327c103cde91:not(:hover) .soc-icon,\n#phantom .dt-shortcode-soc-icons a.single-soc-icon-537fa9a36aa55eae6821327c103cde91:not(:hover) .soc-icon {\n  color: #ffffff;\n  background: none;\n}\n.dt-shortcode-soc-icons a.single-soc-icon-537fa9a36aa55eae6821327c103cde91 .soc-font-icon,\n.dt-shortcode-soc-icons a.single-soc-icon-537fa9a36aa55eae6821327c103cde91 .soc-icon {\n  font-size: 25px;\n}<\/style><a title=\"Facebook da Fidelidade\" href=\"https:\/\/www.facebook.com\/comunidadefidelidade\" target=\"_blank\" class=\"facebook single-soc-icon-537fa9a36aa55eae6821327c103cde91 dt-icon-bg-on dt-icon-hover-bg-on\"><i class=\"soc-icon soc-font-icon dt-icon-facebook\"><\/i><span class=\"screen-reader-text\">Facebook da Fidelidade<\/span><\/a><style type=\"text\/css\" data-type=\"the7_shortcodes-inline-css\">.dt-shortcode-soc-icons a.single-soc-icon-4cafd8e3020fafaf2ca980823f8f9f42 {\n  min-width: 46px;\n  min-height: 46px;\n  font-size: 25px;\n  border-radius: 100px;\n}\n.dt-shortcode-soc-icons a.single-soc-icon-4cafd8e3020fafaf2ca980823f8f9f42:last-child {\n  margin-right: 0;\n}\n.dt-shortcode-soc-icons a.single-soc-icon-4cafd8e3020fafaf2ca980823f8f9f42:before,\n.dt-shortcode-soc-icons a.single-soc-icon-4cafd8e3020fafaf2ca980823f8f9f42:after {\n  min-width: 46px;\n  min-height: 46px;\n  padding: inherit;\n}\n#page .dt-shortcode-soc-icons a.single-soc-icon-4cafd8e3020fafaf2ca980823f8f9f42.dt-icon-bg-on:before,\n#phantom .dt-shortcode-soc-icons a.single-soc-icon-4cafd8e3020fafaf2ca980823f8f9f42.dt-icon-bg-on:before {\n  background: #34421e;\n}\n.dt-shortcode-soc-icons a.single-soc-icon-4cafd8e3020fafaf2ca980823f8f9f42.dt-icon-border-on:before {\n  border: 0px solid ;\n}\n.dt-shortcode-soc-icons a.single-soc-icon-4cafd8e3020fafaf2ca980823f8f9f42.dt-icon-hover-border-on:after {\n  border: 0px solid ;\n}\n.dt-shortcode-soc-icons a.single-soc-icon-4cafd8e3020fafaf2ca980823f8f9f42:hover {\n  font-size: 25px;\n}\n#page .dt-shortcode-soc-icons a.single-soc-icon-4cafd8e3020fafaf2ca980823f8f9f42:hover .soc-font-icon,\n#phantom .dt-shortcode-soc-icons a.single-soc-icon-4cafd8e3020fafaf2ca980823f8f9f42:hover .soc-font-icon,\n#page .dt-shortcode-soc-icons a.single-soc-icon-4cafd8e3020fafaf2ca980823f8f9f42:hover .soc-icon,\n#phantom .dt-shortcode-soc-icons a.single-soc-icon-4cafd8e3020fafaf2ca980823f8f9f42:hover .soc-icon {\n  color: #ffffff;\n  background: none;\n}\n#page .dt-shortcode-soc-icons a.single-soc-icon-4cafd8e3020fafaf2ca980823f8f9f42.dt-icon-hover-bg-on:after,\n#phantom .dt-shortcode-soc-icons a.single-soc-icon-4cafd8e3020fafaf2ca980823f8f9f42.dt-icon-hover-bg-on:after {\n  background: #c19434;\n}\n#page .dt-shortcode-soc-icons a.single-soc-icon-4cafd8e3020fafaf2ca980823f8f9f42:not(:hover) .soc-font-icon,\n#phantom .dt-shortcode-soc-icons a.single-soc-icon-4cafd8e3020fafaf2ca980823f8f9f42:not(:hover) .soc-font-icon,\n#page .dt-shortcode-soc-icons a.single-soc-icon-4cafd8e3020fafaf2ca980823f8f9f42:not(:hover) .soc-icon,\n#phantom .dt-shortcode-soc-icons a.single-soc-icon-4cafd8e3020fafaf2ca980823f8f9f42:not(:hover) .soc-icon {\n  color: #ffffff;\n  background: none;\n}\n.dt-shortcode-soc-icons a.single-soc-icon-4cafd8e3020fafaf2ca980823f8f9f42 .soc-font-icon,\n.dt-shortcode-soc-icons a.single-soc-icon-4cafd8e3020fafaf2ca980823f8f9f42 .soc-icon {\n  font-size: 25px;\n}<\/style><a title=\"Twitter da Fidelidade\" href=\"https:\/\/twitter.com\/comfidelidade\" target=\"_blank\" class=\"twitter single-soc-icon-4cafd8e3020fafaf2ca980823f8f9f42 dt-icon-bg-on dt-icon-hover-bg-on\"><i class=\"soc-icon soc-font-icon dt-icon-twitter\"><\/i><span class=\"screen-reader-text\">Twitter da Fidelidade<\/span><\/a><style type=\"text\/css\" data-type=\"the7_shortcodes-inline-css\">.dt-shortcode-soc-icons a.single-soc-icon-3cc0b0952f93e7dfd10eb878ec8e190d {\n  min-width: 46px;\n  min-height: 46px;\n  font-size: 25px;\n  border-radius: 100px;\n}\n.dt-shortcode-soc-icons a.single-soc-icon-3cc0b0952f93e7dfd10eb878ec8e190d:last-child {\n  margin-right: 0;\n}\n.dt-shortcode-soc-icons a.single-soc-icon-3cc0b0952f93e7dfd10eb878ec8e190d:before,\n.dt-shortcode-soc-icons a.single-soc-icon-3cc0b0952f93e7dfd10eb878ec8e190d:after {\n  min-width: 46px;\n  min-height: 46px;\n  padding: inherit;\n}\n#page .dt-shortcode-soc-icons a.single-soc-icon-3cc0b0952f93e7dfd10eb878ec8e190d.dt-icon-bg-on:before,\n#phantom .dt-shortcode-soc-icons a.single-soc-icon-3cc0b0952f93e7dfd10eb878ec8e190d.dt-icon-bg-on:before {\n  background: #34421e;\n}\n.dt-shortcode-soc-icons a.single-soc-icon-3cc0b0952f93e7dfd10eb878ec8e190d.dt-icon-border-on:before {\n  border: 0px solid ;\n}\n.dt-shortcode-soc-icons a.single-soc-icon-3cc0b0952f93e7dfd10eb878ec8e190d.dt-icon-hover-border-on:after {\n  border: 0px solid ;\n}\n.dt-shortcode-soc-icons a.single-soc-icon-3cc0b0952f93e7dfd10eb878ec8e190d:hover {\n  font-size: 25px;\n}\n#page .dt-shortcode-soc-icons a.single-soc-icon-3cc0b0952f93e7dfd10eb878ec8e190d:hover .soc-font-icon,\n#phantom .dt-shortcode-soc-icons a.single-soc-icon-3cc0b0952f93e7dfd10eb878ec8e190d:hover .soc-font-icon,\n#page .dt-shortcode-soc-icons a.single-soc-icon-3cc0b0952f93e7dfd10eb878ec8e190d:hover .soc-icon,\n#phantom .dt-shortcode-soc-icons a.single-soc-icon-3cc0b0952f93e7dfd10eb878ec8e190d:hover .soc-icon {\n  color: #ffffff;\n  background: none;\n}\n#page .dt-shortcode-soc-icons a.single-soc-icon-3cc0b0952f93e7dfd10eb878ec8e190d.dt-icon-hover-bg-on:after,\n#phantom .dt-shortcode-soc-icons a.single-soc-icon-3cc0b0952f93e7dfd10eb878ec8e190d.dt-icon-hover-bg-on:after {\n  background: #c19434;\n}\n#page .dt-shortcode-soc-icons a.single-soc-icon-3cc0b0952f93e7dfd10eb878ec8e190d:not(:hover) .soc-font-icon,\n#phantom .dt-shortcode-soc-icons a.single-soc-icon-3cc0b0952f93e7dfd10eb878ec8e190d:not(:hover) .soc-font-icon,\n#page .dt-shortcode-soc-icons a.single-soc-icon-3cc0b0952f93e7dfd10eb878ec8e190d:not(:hover) .soc-icon,\n#phantom .dt-shortcode-soc-icons a.single-soc-icon-3cc0b0952f93e7dfd10eb878ec8e190d:not(:hover) .soc-icon {\n  color: #ffffff;\n  background: none;\n}\n.dt-shortcode-soc-icons a.single-soc-icon-3cc0b0952f93e7dfd10eb878ec8e190d .soc-font-icon,\n.dt-shortcode-soc-icons a.single-soc-icon-3cc0b0952f93e7dfd10eb878ec8e190d .soc-icon {\n  font-size: 25px;\n}<\/style><a title=\"YouTube da Fidelidade\" href=\"https:\/\/www.youtube.com\/missaofidelidade\" target=\"_blank\" class=\"you-tube single-soc-icon-3cc0b0952f93e7dfd10eb878ec8e190d dt-icon-bg-on dt-icon-hover-bg-on\"><i class=\"soc-icon soc-font-icon dt-icon-you-tube\"><\/i><span class=\"screen-reader-text\">YouTube da Fidelidade<\/span><\/a><style type=\"text\/css\" data-type=\"the7_shortcodes-inline-css\">.dt-shortcode-soc-icons a.single-soc-icon-a98e4d53629114955fc8593af7c78ec1 {\n  min-width: 46px;\n  min-height: 46px;\n  font-size: 25px;\n  border-radius: 100px;\n}\n.dt-shortcode-soc-icons a.single-soc-icon-a98e4d53629114955fc8593af7c78ec1:last-child {\n  margin-right: 0;\n}\n.dt-shortcode-soc-icons a.single-soc-icon-a98e4d53629114955fc8593af7c78ec1:before,\n.dt-shortcode-soc-icons a.single-soc-icon-a98e4d53629114955fc8593af7c78ec1:after {\n  min-width: 46px;\n  min-height: 46px;\n  padding: inherit;\n}\n#page .dt-shortcode-soc-icons a.single-soc-icon-a98e4d53629114955fc8593af7c78ec1.dt-icon-bg-on:before,\n#phantom .dt-shortcode-soc-icons a.single-soc-icon-a98e4d53629114955fc8593af7c78ec1.dt-icon-bg-on:before {\n  background: #34421e;\n}\n.dt-shortcode-soc-icons a.single-soc-icon-a98e4d53629114955fc8593af7c78ec1.dt-icon-border-on:before {\n  border: 0px solid ;\n}\n.dt-shortcode-soc-icons a.single-soc-icon-a98e4d53629114955fc8593af7c78ec1.dt-icon-hover-border-on:after {\n  border: 0px solid ;\n}\n.dt-shortcode-soc-icons a.single-soc-icon-a98e4d53629114955fc8593af7c78ec1:hover {\n  font-size: 25px;\n}\n#page .dt-shortcode-soc-icons a.single-soc-icon-a98e4d53629114955fc8593af7c78ec1:hover .soc-font-icon,\n#phantom .dt-shortcode-soc-icons a.single-soc-icon-a98e4d53629114955fc8593af7c78ec1:hover .soc-font-icon,\n#page .dt-shortcode-soc-icons a.single-soc-icon-a98e4d53629114955fc8593af7c78ec1:hover .soc-icon,\n#phantom .dt-shortcode-soc-icons a.single-soc-icon-a98e4d53629114955fc8593af7c78ec1:hover .soc-icon {\n  color: #ffffff;\n  background: none;\n}\n#page .dt-shortcode-soc-icons a.single-soc-icon-a98e4d53629114955fc8593af7c78ec1.dt-icon-hover-bg-on:after,\n#phantom .dt-shortcode-soc-icons a.single-soc-icon-a98e4d53629114955fc8593af7c78ec1.dt-icon-hover-bg-on:after {\n  background: #c19434;\n}\n#page .dt-shortcode-soc-icons a.single-soc-icon-a98e4d53629114955fc8593af7c78ec1:not(:hover) .soc-font-icon,\n#phantom .dt-shortcode-soc-icons a.single-soc-icon-a98e4d53629114955fc8593af7c78ec1:not(:hover) .soc-font-icon,\n#page .dt-shortcode-soc-icons a.single-soc-icon-a98e4d53629114955fc8593af7c78ec1:not(:hover) .soc-icon,\n#phantom .dt-shortcode-soc-icons a.single-soc-icon-a98e4d53629114955fc8593af7c78ec1:not(:hover) .soc-icon {\n  color: #ffffff;\n  background: none;\n}\n.dt-shortcode-soc-icons a.single-soc-icon-a98e4d53629114955fc8593af7c78ec1 .soc-font-icon,\n.dt-shortcode-soc-icons a.single-soc-icon-a98e4d53629114955fc8593af7c78ec1 .soc-icon {\n  font-size: 25px;\n}<\/style><a title=\"Instagram da Fidelidade\" href=\"https:\/\/www.instagram.com\/comunidadefidelidade\/\" target=\"_blank\" class=\"instagram single-soc-icon-a98e4d53629114955fc8593af7c78ec1 dt-icon-bg-on dt-icon-hover-bg-on\"><i class=\"soc-icon soc-font-icon dt-icon-instagram\"><\/i><span class=\"screen-reader-text\">Instagram da Fidelidade<\/span><\/a><\/div>[\/vc_column][\/vc_row][vc_row full_width=&#8221;stretch_row&#8221; equal_height=&#8221;yes&#8221; content_placement=&#8221;top&#8221; bg_type=&#8221;image&#8221; parallax_style=&#8221;vcpb-default&#8221; bg_image_new=&#8221;id^716|url^https:\/\/the7.io\/church\/wp-content\/uploads\/sites\/54\/2019\/07\/bird-38825.png|caption^null|alt^null|title^bird-38825|description^null&#8221; bg_image_repeat=&#8221;no-repeat&#8221; bg_image_size=&#8221;initial&#8221; bg_image_posiiton=&#8221;right bottom&#8221; css=&#8221;.vc_custom_1562003247308{padding-top: 80px !important;background-color: #34421e !important;}&#8221;][vc_column width=&#8221;1\/2&#8243; css=&#8221;.vc_custom_1562003235102{margin-bottom: 50px !important;}&#8221;]<form class=\"dt-contact-form dt-form\" method=\"post\"><input type=\"hidden\" name=\"widget_id\" value=\"presscore-contact-form-widget--1\" \/><input type=\"hidden\" name=\"send_message\" value=\"\" \/><input type=\"hidden\" name=\"security_token\" value=\"99b72b2393bcb4d35f59\"\/><div class=\"form-fields\"><span class=\"form-name\"><label class=\"assistive-text\">Nome *<\/label><input type=\"text\" class=\"validate[required]\" placeholder=\"Nome *\" name=\"name\" value=\"\" aria-required=\"true\">\n<\/span><span class=\"form-mail\"><label class=\"assistive-text\">E-mail *<\/label><input type=\"text\" class=\"validate[required,custom[email]]\" placeholder=\"E-mail *\" name=\"email\" value=\"\" aria-required=\"true\">\n<\/span><span class=\"form-telephone\"><label class=\"assistive-text\">Telefone<\/label><input type=\"text\" placeholder=\"Telefone\" name=\"telephone\" value=\"\" aria-required=\"false\">\n<\/span><\/div><span class=\"form-message\"><label class=\"assistive-text\">Mensagem<\/label><textarea placeholder=\"Mensagem\" name=\"message\" rows=\"6\" aria-required=\"false\"><\/textarea>\n<\/span><p><a href=\"#\" class=\"dt-btn dt-btn-m dt-btn-submit\" rel=\"nofollow\"><span>Enviar...<\/span><\/a><input class=\"assistive-text\" type=\"submit\" value=\"enviar\"><\/p><\/form>\n[\/vc_column][vc_column width=&#8221;1\/2&#8243; css=&#8221;.vc_custom_1597775667344{margin-bottom: 50px !important;}&#8221;][vc_column_text css=&#8221;.vc_custom_1597776459705{padding-bottom: 30px !important;}&#8221;]<span style=\"color: #800000;\">Entre em contato conosco, responderemos o mais breve. Deus te aben\u00e7oe.<\/span>[\/vc_column_text]<div id=\"ultimate-heading-481169f0ac2a29ba8\" class=\"uvc-heading ult-adjust-bottom-margin ultimate-heading-481169f0ac2a29ba8 uvc-5561 accent-title-color uvc-heading-default-font-sizes\" data-hspacer=\"no_spacer\"  data-halign=\"left\" style=\"text-align:left\"><div class=\"uvc-heading-spacer no_spacer\" style=\"top\"><\/div><div class=\"uvc-main-heading ult-responsive\"  data-ultimate-target='.uvc-heading.ultimate-heading-481169f0ac2a29ba8 h5'  data-responsive-json-new='{\"font-size\":\"\",\"line-height\":\"\"}' ><h5 style=\"--font-weight:theme;color:#ffffff;margin-bottom:5px;\">Endere\u00e7o<\/h5><\/div><div class=\"uvc-sub-heading ult-responsive\"  data-ultimate-target='.uvc-heading.ultimate-heading-481169f0ac2a29ba8 .uvc-sub-heading '  data-responsive-json-new='{\"font-size\":\"\",\"line-height\":\"\"}'  style=\"font-weight:normal;color:#ffffff;margin-bottom:15px;\"><span style=\"color: #800000;\">Centro de evangeliza\u00e7\u00e3o<\/span><\/p>\n<p><span style=\"color: #800000;\">Rua Giuseppe Venturini, 180 &#8211; SBC &#8211; S\u00e3o Paulo &#8211; 09842-005<\/span><\/div><\/div><div id=\"ultimate-heading-645769f0ac2a29c08\" class=\"uvc-heading ult-adjust-bottom-margin ultimate-heading-645769f0ac2a29c08 uvc-4760 accent-title-color uvc-heading-default-font-sizes\" data-hspacer=\"no_spacer\"  data-halign=\"left\" style=\"text-align:left\"><div class=\"uvc-heading-spacer no_spacer\" style=\"top\"><\/div><div class=\"uvc-main-heading ult-responsive\"  data-ultimate-target='.uvc-heading.ultimate-heading-645769f0ac2a29c08 h5'  data-responsive-json-new='{\"font-size\":\"\",\"line-height\":\"\"}' ><h5 style=\"--font-weight:theme;color:#ffffff;margin-bottom:5px;\">Celular \/ WhatsApp<\/h5><\/div><div class=\"uvc-sub-heading ult-responsive\"  data-ultimate-target='.uvc-heading.ultimate-heading-645769f0ac2a29c08 .uvc-sub-heading '  data-responsive-json-new='{\"font-size\":\"\",\"line-height\":\"\"}'  style=\"font-weight:normal;color:#ffffff;margin-bottom:15px;\"><span style=\"color: #800000;\">11 94594-3555<\/span><\/div><\/div><div id=\"ultimate-heading-219469f0ac2a29c61\" class=\"uvc-heading ult-adjust-bottom-margin ultimate-heading-219469f0ac2a29c61 uvc-9679 accent-title-color uvc-heading-default-font-sizes\" data-hspacer=\"no_spacer\"  data-halign=\"left\" style=\"text-align:left\"><div class=\"uvc-heading-spacer no_spacer\" style=\"top\"><\/div><div class=\"uvc-main-heading ult-responsive\"  data-ultimate-target='.uvc-heading.ultimate-heading-219469f0ac2a29c61 h5'  data-responsive-json-new='{\"font-size\":\"\",\"line-height\":\"\"}' ><h5 style=\"--font-weight:theme;color:#ffffff;margin-bottom:5px;\">EMAIL<\/h5><\/div><div class=\"uvc-sub-heading ult-responsive\"  data-ultimate-target='.uvc-heading.ultimate-heading-219469f0ac2a29c61 .uvc-sub-heading '  data-responsive-json-new='{\"font-size\":\"\",\"line-height\":\"\"}'  style=\"font-weight:normal;color:#ffffff;margin-bottom:15px;\"><span style=\"color: #800000;\">comfidelidade@gmail.com<\/span><\/div><\/div>[\/vc_column][\/vc_row]<\/p>\n<\/div>","protected":false},"excerpt":{"rendered":"<p>[vc_row bg_type=&#8221;bg_color&#8221; bg_override=&#8221;full&#8221; css=&#8221;.vc_custom_1561965266036{padding-top: 70px !important;padding-bottom: 80px !important;}&#8221; bg_color_value=&#8221;#f7f7f7&#8243;][vc_column][\/vc_column][\/vc_row][vc_row full_width=&#8221;stretch_row&#8221; equal_height=&#8221;yes&#8221; content_placement=&#8221;top&#8221; bg_type=&#8221;image&#8221; parallax_style=&#8221;vcpb-default&#8221; bg_image_new=&#8221;id^716|url^https:\/\/the7.io\/church\/wp-content\/uploads\/sites\/54\/2019\/07\/bird-38825.png|caption^null|alt^null|title^bird-38825|description^null&#8221; bg_image_repeat=&#8221;no-repeat&#8221; bg_image_size=&#8221;initial&#8221; bg_image_posiiton=&#8221;right bottom&#8221; css=&#8221;.vc_custom_1562003247308{padding-top: 80px !important;background-color: #34421e !important;}&#8221;][vc_column width=&#8221;1\/2&#8243; css=&#8221;.vc_custom_1562003235102{margin-bottom: 50px !important;}&#8221;][\/vc_column][vc_column width=&#8221;1\/2&#8243; css=&#8221;.vc_custom_1597775667344{margin-bottom: 50px !important;}&#8221;][vc_column_text css=&#8221;.vc_custom_1597776459705{padding-bottom: 30px !important;}&#8221;]Entre em contato conosco, responderemos o mais breve. Deus te aben\u00e7oe.[\/vc_column_text][\/vc_column][\/vc_row]<\/p>\n","protected":false},"author":1,"featured_media":0,"parent":0,"menu_order":0,"comment_status":"closed","ping_status":"closed","template":"","meta":{"footnotes":""},"class_list":["post-1132","page","type-page","status-publish","hentry"],"_links":{"self":[{"href":"https:\/\/comunidadefidelidade.com\/site\/wp-json\/wp\/v2\/pages\/1132","targetHints":{"allow":["GET"]}}],"collection":[{"href":"https:\/\/comunidadefidelidade.com\/site\/wp-json\/wp\/v2\/pages"}],"about":[{"href":"https:\/\/comunidadefidelidade.com\/site\/wp-json\/wp\/v2\/types\/page"}],"author":[{"embeddable":true,"href":"https:\/\/comunidadefidelidade.com\/site\/wp-json\/wp\/v2\/users\/1"}],"replies":[{"embeddable":true,"href":"https:\/\/comunidadefidelidade.com\/site\/wp-json\/wp\/v2\/comments?post=1132"}],"version-history":[{"count":6,"href":"https:\/\/comunidadefidelidade.com\/site\/wp-json\/wp\/v2\/pages\/1132\/revisions"}],"predecessor-version":[{"id":1521,"href":"https:\/\/comunidadefidelidade.com\/site\/wp-json\/wp\/v2\/pages\/1132\/revisions\/1521"}],"wp:attachment":[{"href":"https:\/\/comunidadefidelidade.com\/site\/wp-json\/wp\/v2\/media?parent=1132"}],"curies":[{"name":"wp","href":"https:\/\/api.w.org\/{rel}","templated":true}]}}