{"id":252,"date":"2019-06-07T04:07:36","date_gmt":"2019-06-07T08:07:36","guid":{"rendered":"https:\/\/the7.io\/church\/?page_id=252"},"modified":"2025-03-07T16:49:54","modified_gmt":"2025-03-07T19:49:54","slug":"plan-a-visit","status":"publish","type":"page","link":"https:\/\/comunidadefidelidade.com\/site\/plan-a-visit\/","title":{"rendered":"Onde estamos"},"content":{"rendered":"<div class=\"wpb-content-wrapper\"><p>[vc_row bg_type=&#8221;image&#8221; parallax_style=&#8221;vcpb-default&#8221; bg_image_new=&#8221;id^260|url^https:\/\/comunidadefidelidade.com\/site\/wp-content\/uploads\/2019\/06\/hannah-busing-423069-unsplash-min-e1563358342434.jpg|caption^null|alt^null|title^hannah-busing-423069-unsplash-min|description^null&#8221; bg_image_repeat=&#8221;no-repeat&#8221; bg_override=&#8221;full&#8221; enable_overlay=&#8221;enable_overlay_value&#8221; overlay_color=&#8221;rgba(52,66,30,0.5)&#8221; css=&#8221;.vc_custom_1561965534602{padding-top: 150px !important;padding-bottom: 150px !important;}&#8221;][vc_column]<div id=\"ultimate-heading-383669f1457677ccf\" class=\"uvc-heading ult-adjust-bottom-margin ultimate-heading-383669f1457677ccf uvc-9052 \" data-hspacer=\"no_spacer\"  data-halign=\"center\" style=\"text-align:center\"><div class=\"uvc-heading-spacer no_spacer\" style=\"top\"><\/div><div class=\"uvc-main-heading ult-responsive\"  data-ultimate-target='.uvc-heading.ultimate-heading-383669f1457677ccf h1'  data-responsive-json-new='{\"font-size\":\"desktop:70px;\",\"line-height\":\"desktop:80px;\"}' ><h1 style=\"--font-weight:theme;color:#ffffff;margin-top:50px;margin-bottom:100px;\">ONDE ESTAMOS<\/h1><\/div><\/div>[\/vc_column][\/vc_row][vc_row css=&#8221;.vc_custom_1561965452204{padding-top: 80px !important;}&#8221;][vc_column width=&#8221;1\/2&#8243;]<div id=\"ultimate-heading-441869f1457677d1e\" class=\"uvc-heading ult-adjust-bottom-margin ultimate-heading-441869f1457677d1e uvc-5359  uvc-heading-default-font-sizes\" data-hspacer=\"no_spacer\"  data-halign=\"left\" style=\"text-align:left\"><div class=\"uvc-heading-spacer no_spacer\" style=\"top\"><\/div><div class=\"uvc-main-heading ult-responsive\"  data-ultimate-target='.uvc-heading.ultimate-heading-441869f1457677d1e h2'  data-responsive-json-new='{\"font-size\":\"\",\"line-height\":\"\"}' ><h2 style=\"--font-weight:theme;margin-bottom:35px;\">CASA DE MISS\u00c3O<\/h2><\/div><div class=\"uvc-sub-heading ult-responsive\"  data-ultimate-target='.uvc-heading.ultimate-heading-441869f1457677d1e .uvc-sub-heading '  data-responsive-json-new='{\"font-size\":\"\",\"line-height\":\"desktop:27px;\"}'  style=\"font-weight:normal;margin-bottom:50px;\"><strong>Centro de Evangeliza\u00e7\u00e3o Fidelidade<\/strong><\/p>\n<p>Casa S\u00e3o Bento | Sal\u00e3o S\u00e3o Jo\u00e3o Paulo II | Capela Nossa Senhora das Gra\u00e7as<\/p>\n<p>A Sede principal da Comunidade \u00e9 a situada na Rua Giuseppe Venturini, 180, Bairro Batistini, no munic\u00edpio de S\u00e3o Bernardo do Campo, estado de S\u00e3o Paulo, Cep: 09842-005<\/p>\n<p>&nbsp;<\/div><\/div>[\/vc_column][vc_column width=&#8221;1\/2&#8243; css=&#8221;.vc_custom_1561965470925{margin-bottom: 20px !important;}&#8221;][vc_column_text css=&#8221;&#8221;]Mande sua mensagem[\/vc_column_text]<form class=\"dt-contact-form dt-form\" method=\"post\"><input type=\"hidden\" name=\"widget_id\" value=\"presscore-contact-form-widget--1\" \/><input type=\"hidden\" name=\"send_message\" value=\"\" \/><input type=\"hidden\" name=\"security_token\" value=\"99b72b2393bcb4d35f59\"\/><div class=\"form-fields\"><span class=\"form-name\"><label class=\"assistive-text\">Nome *<\/label><input type=\"text\" class=\"validate[required]\" placeholder=\"Nome *\" name=\"name\" value=\"\" aria-required=\"true\">\n<\/span><span class=\"form-mail\"><label class=\"assistive-text\">E-mail *<\/label><input type=\"text\" class=\"validate[required,custom[email]]\" placeholder=\"E-mail *\" name=\"email\" value=\"\" aria-required=\"true\">\n<\/span><span class=\"form-telephone\"><label class=\"assistive-text\">Telefone *<\/label><input type=\"text\" class=\"validate[required,custom[phone]]\" placeholder=\"Telefone *\" name=\"telephone\" value=\"\" aria-required=\"true\">\n<\/span><\/div><p><a href=\"#\" class=\"dt-btn dt-btn-m dt-btn-submit\" rel=\"nofollow\"><span>Enviar<\/span><\/a><input class=\"assistive-text\" type=\"submit\" value=\"enviar\"><\/p><\/form>\n[\/vc_column][\/vc_row][vc_row][vc_column][vc_gmaps link=&#8221;#E-8_JTNDaWZyYW1lJTIwc3JjJTNEJTIyaHR0cHMlM0ElMkYlMkZ3d3cuZ29vZ2xlLmNvbSUyRm1hcHMlMkZlbWJlZCUzRnBiJTNEJTIxMW0xOCUyMTFtMTIlMjExbTMlMjExZDE4MjUuOTYxMTI3MjUxMjI4JTIxMmQtNDYuNTc1MjI3NTcyMjg2MzE2JTIxM2QtMjMuNzUwMTUxNjcxNDk2NDM2JTIxMm0zJTIxMWYwJTIxMmYwJTIxM2YwJTIxM20yJTIxMWkxMDI0JTIxMmk3NjglMjE0ZjEzLjElMjEzbTMlMjExbTIlMjExczB4OTRjZTQxMjIwNzdlMTYzYiUyNTNBMHg4MWM2ZDU1MmY5OTlhMmUyJTIxMnNDb211bmlkYWRlJTI1MjBGaWRlbGlkYWRlJTIxNWUwJTIxM20yJTIxMXNwdC1CUiUyMTJzYnIlMjE0djE3NDEzNzY3NzAzMTclMjE1bTIlMjExc3B0LUJSJTIxMnNiciUyMiUyMHdpZHRoJTNEJTIyNjAwJTIyJTIwaGVpZ2h0JTNEJTIyNDUwJTIyJTIwc3R5bGUlM0QlMjJib3JkZXIlM0EwJTNCJTIyJTIwYWxsb3dmdWxsc2NyZWVuJTNEJTIyJTIyJTIwbG9hZGluZyUzRCUyMmxhenklMjIlMjByZWZlcnJlcnBvbGljeSUzRCUyMm5vLXJlZmVycmVyLXdoZW4tZG93bmdyYWRlJTIyJTNFJTNDJTJGaWZyYW1lJTNF&#8221; css=&#8221;&#8221;][\/vc_column][\/vc_row]<\/p>\n<\/div>","protected":false},"excerpt":{"rendered":"<p>[vc_row bg_type=&#8221;image&#8221; parallax_style=&#8221;vcpb-default&#8221; bg_image_new=&#8221;id^260|url^https:\/\/comunidadefidelidade.com\/site\/wp-content\/uploads\/2019\/06\/hannah-busing-423069-unsplash-min-e1563358342434.jpg|caption^null|alt^null|title^hannah-busing-423069-unsplash-min|description^null&#8221; bg_image_repeat=&#8221;no-repeat&#8221; bg_override=&#8221;full&#8221; enable_overlay=&#8221;enable_overlay_value&#8221; overlay_color=&#8221;rgba(52,66,30,0.5)&#8221; css=&#8221;.vc_custom_1561965534602{padding-top: 150px !important;padding-bottom: 150px !important;}&#8221;][vc_column][\/vc_column][\/vc_row][vc_row css=&#8221;.vc_custom_1561965452204{padding-top: 80px !important;}&#8221;][vc_column width=&#8221;1\/2&#8243;][\/vc_column][vc_column width=&#8221;1\/2&#8243; css=&#8221;.vc_custom_1561965470925{margin-bottom: 20px !important;}&#8221;][vc_column_text css=&#8221;&#8221;]Mande sua mensagem[\/vc_column_text][\/vc_column][\/vc_row][vc_row][vc_column][vc_gmaps link=&#8221;#E-8_JTNDaWZyYW1lJTIwc3JjJTNEJTIyaHR0cHMlM0ElMkYlMkZ3d3cuZ29vZ2xlLmNvbSUyRm1hcHMlMkZlbWJlZCUzRnBiJTNEJTIxMW0xOCUyMTFtMTIlMjExbTMlMjExZDE4MjUuOTYxMTI3MjUxMjI4JTIxMmQtNDYuNTc1MjI3NTcyMjg2MzE2JTIxM2QtMjMuNzUwMTUxNjcxNDk2NDM2JTIxMm0zJTIxMWYwJTIxMmYwJTIxM2YwJTIxM20yJTIxMWkxMDI0JTIxMmk3NjglMjE0ZjEzLjElMjEzbTMlMjExbTIlMjExczB4OTRjZTQxMjIwNzdlMTYzYiUyNTNBMHg4MWM2ZDU1MmY5OTlhMmUyJTIxMnNDb211bmlkYWRlJTI1MjBGaWRlbGlkYWRlJTIxNWUwJTIxM20yJTIxMXNwdC1CUiUyMTJzYnIlMjE0djE3NDEzNzY3NzAzMTclMjE1bTIlMjExc3B0LUJSJTIxMnNiciUyMiUyMHdpZHRoJTNEJTIyNjAwJTIyJTIwaGVpZ2h0JTNEJTIyNDUwJTIyJTIwc3R5bGUlM0QlMjJib3JkZXIlM0EwJTNCJTIyJTIwYWxsb3dmdWxsc2NyZWVuJTNEJTIyJTIyJTIwbG9hZGluZyUzRCUyMmxhenklMjIlMjByZWZlcnJlcnBvbGljeSUzRCUyMm5vLXJlZmVycmVyLXdoZW4tZG93bmdyYWRlJTIyJTNFJTNDJTJGaWZyYW1lJTNF&#8221; css=&#8221;&#8221;][\/vc_column][\/vc_row]<\/p>\n","protected":false},"author":1,"featured_media":0,"parent":0,"menu_order":0,"comment_status":"closed","ping_status":"closed","template":"","meta":{"footnotes":""},"class_list":["post-252","page","type-page","status-publish","hentry","description-off"],"_links":{"self":[{"href":"https:\/\/comunidadefidelidade.com\/site\/wp-json\/wp\/v2\/pages\/252","targetHints":{"allow":["GET"]}}],"collection":[{"href":"https:\/\/comunidadefidelidade.com\/site\/wp-json\/wp\/v2\/pages"}],"about":[{"href":"https:\/\/comunidadefidelidade.com\/site\/wp-json\/wp\/v2\/types\/page"}],"author":[{"embeddable":true,"href":"https:\/\/comunidadefidelidade.com\/site\/wp-json\/wp\/v2\/users\/1"}],"replies":[{"embeddable":true,"href":"https:\/\/comunidadefidelidade.com\/site\/wp-json\/wp\/v2\/comments?post=252"}],"version-history":[{"count":5,"href":"https:\/\/comunidadefidelidade.com\/site\/wp-json\/wp\/v2\/pages\/252\/revisions"}],"predecessor-version":[{"id":4281,"href":"https:\/\/comunidadefidelidade.com\/site\/wp-json\/wp\/v2\/pages\/252\/revisions\/4281"}],"wp:attachment":[{"href":"https:\/\/comunidadefidelidade.com\/site\/wp-json\/wp\/v2\/media?parent=252"}],"curies":[{"name":"wp","href":"https:\/\/api.w.org\/{rel}","templated":true}]}}